{"id":27,"date":"2024-12-09T18:55:54","date_gmt":"2024-12-09T17:55:54","guid":{"rendered":"https:\/\/pine.pl\/?page_id=27"},"modified":"2024-12-12T12:02:41","modified_gmt":"2024-12-12T11:02:41","slug":"kontakt","status":"publish","type":"page","link":"https:\/\/pine.pl\/?page_id=27","title":{"rendered":"Kontakt"},"content":{"rendered":"<form id=\"wpforms-form-36\" data-formid=\"36\" method=\"post\" enctype=\"multipart\/form-data\" action=\"\/wp-admin\/admin-ajax.php\" data-token=\"c66a6714dadc9d9405b1faf0de1dfe24\" data-token-time=\"1733768713\"><noscript>Aby wype\u0142ni\u0107 ten formularz, w\u0142\u0105cz obs\u0142ug\u0119 JavaScript w przegl\u0105darce.<\/noscript>Aby wype\u0142ni\u0107 ten formularz, w\u0142\u0105cz obs\u0142ug\u0119 JavaScript w przegl\u0105darce.<\/p>\n<fieldset>\n<legend>Imi\u0119 i nazwisko *<\/legend>\n<p><input type=\"text\" id=\"wpforms-36-field_1\" name=\"wpforms[fields][1][first]\" aria-errormessage=\"wpforms-36-field_1-error\" required><label for=\"wpforms-36-field_1\">Imi\u0119<\/label><input type=\"text\" id=\"wpforms-36-field_1-last\" name=\"wpforms[fields][1][last]\" aria-errormessage=\"wpforms-36-field_1-last-error\" required><label for=\"wpforms-36-field_1-last\">Nazwisko<\/label><\/fieldset>\n<p><label for=\"wpforms-36-field_2\">Adres e-mail *<\/label><input type=\"email\" id=\"wpforms-36-field_2\" name=\"wpforms[fields][2]\" spellcheck=\"false\" aria-errormessage=\"wpforms-36-field_2-error\" required><label for=\"wpforms-36-field_3\">Komentarz lub wiadomo\u015b\u0107<\/label><textarea id=\"wpforms-36-field_3\" name=\"wpforms[fields][3]\" aria-errormessage=\"wpforms-36-field_3-error\" ><\/textarea><!-- .wpforms-field-container --><input type=\"hidden\" name=\"wpforms[id]\" value=\"36\">\t\t\t<input\n\t\t\t\ttype=\"hidden\"\n\t\t\t\tname=\"wpforms[nonce]\"\n\t\t\t\tvalue=\"b3ee0a3040\"\n\t\t\t\/><br \/>\n\t\t\t<input type=\"hidden\" name=\"page_title\" value=\"{page_title}\"><input type=\"hidden\" name=\"page_url\" value=\"http:\/\/page_url\"><button type=\"submit\" name=\"wpforms[submit]\" id=\"wpforms-submit-36\" data-alt-text=\"Wysy\u0142anie...\" data-submit-text=\"Prze\u015blij\" aria-live=\"assertive\" value=\"wpforms-submit\">Prze\u015blij<\/button><img decoding=\"async\" src=\"https:\/\/pine.pl\/wp-content\/plugins\/wpforms-lite\/assets\/images\/submit-spin.svg\" style=\"display: none;\" width=\"26\" height=\"26\" alt=\"Wczytywanie\"><\/form>\n<p>  <!-- .wpforms-container --><\/p>\n","protected":false},"excerpt":{"rendered":"<p>Aby wype\u0142ni\u0107 ten formularz, w\u0142\u0105cz obs\u0142ug\u0119 JavaScript w przegl\u0105darce.Aby wype\u0142ni\u0107 ten formularz, w\u0142\u0105cz obs\u0142ug\u0119 JavaScript w przegl\u0105darce. Imi\u0119 i nazwisko * Imi\u0119Nazwisko Adres e-mail *Komentarz lub wiadomo\u015b\u0107 Prze\u015blij<\/p>\n","protected":false},"author":1,"featured_media":0,"parent":0,"menu_order":0,"comment_status":"closed","ping_status":"closed","template":"template-homepage.php","meta":{"footnotes":""},"class_list":["post-27","page","type-page","status-publish","hentry"],"yoast_head":"<!-- This site is optimized with the Yoast SEO plugin v24.0 - https:\/\/yoast.com\/wordpress\/plugins\/seo\/ -->\n<title>Kontakt - PINE.PL<\/title>\n<meta name=\"robots\" content=\"index, follow, max-snippet:-1, max-image-preview:large, max-video-preview:-1\" \/>\n<link rel=\"canonical\" href=\"https:\/\/pine.pl\/?page_id=27\" \/>\n<meta property=\"og:locale\" content=\"pl_PL\" \/>\n<meta property=\"og:type\" content=\"article\" \/>\n<meta property=\"og:title\" content=\"Kontakt - PINE.PL\" \/>\n<meta property=\"og:description\" content=\"Aby wype\u0142ni\u0107 ten formularz, w\u0142\u0105cz obs\u0142ug\u0119 JavaScript w przegl\u0105darce.Aby wype\u0142ni\u0107 ten formularz, w\u0142\u0105cz obs\u0142ug\u0119 JavaScript w przegl\u0105darce. Imi\u0119 i nazwisko * Imi\u0119Nazwisko Adres e-mail *Komentarz lub wiadomo\u015b\u0107 Prze\u015blij\" \/>\n<meta property=\"og:url\" content=\"https:\/\/pine.pl\/?page_id=27\" \/>\n<meta property=\"og:site_name\" content=\"PINE.PL\" \/>\n<meta property=\"article:modified_time\" content=\"2024-12-12T11:02:41+00:00\" \/>\n<meta property=\"og:image\" content=\"https:\/\/pine.pl\/wp-content\/plugins\/wpforms-lite\/assets\/images\/submit-spin.svg\" \/>\n<meta name=\"twitter:card\" content=\"summary_large_image\" \/>\n<meta name=\"twitter:label1\" content=\"Szacowany czas czytania\" \/>\n\t<meta name=\"twitter:data1\" content=\"1 minuta\" \/>\n<script type=\"application\/ld+json\" class=\"yoast-schema-graph\">{\"@context\":\"https:\/\/schema.org\",\"@graph\":[{\"@type\":\"WebPage\",\"@id\":\"https:\/\/pine.pl\/?page_id=27\",\"url\":\"https:\/\/pine.pl\/?page_id=27\",\"name\":\"Kontakt - PINE.PL\",\"isPartOf\":{\"@id\":\"https:\/\/pine.pl\/#website\"},\"primaryImageOfPage\":{\"@id\":\"https:\/\/pine.pl\/?page_id=27#primaryimage\"},\"image\":{\"@id\":\"https:\/\/pine.pl\/?page_id=27#primaryimage\"},\"thumbnailUrl\":\"https:\/\/pine.pl\/wp-content\/plugins\/wpforms-lite\/assets\/images\/submit-spin.svg\",\"datePublished\":\"2024-12-09T17:55:54+00:00\",\"dateModified\":\"2024-12-12T11:02:41+00:00\",\"breadcrumb\":{\"@id\":\"https:\/\/pine.pl\/?page_id=27#breadcrumb\"},\"inLanguage\":\"pl-PL\",\"potentialAction\":[{\"@type\":\"ReadAction\",\"target\":[\"https:\/\/pine.pl\/?page_id=27\"]}]},{\"@type\":\"ImageObject\",\"inLanguage\":\"pl-PL\",\"@id\":\"https:\/\/pine.pl\/?page_id=27#primaryimage\",\"url\":\"https:\/\/pine.pl\/wp-content\/plugins\/wpforms-lite\/assets\/images\/submit-spin.svg\",\"contentUrl\":\"https:\/\/pine.pl\/wp-content\/plugins\/wpforms-lite\/assets\/images\/submit-spin.svg\"},{\"@type\":\"BreadcrumbList\",\"@id\":\"https:\/\/pine.pl\/?page_id=27#breadcrumb\",\"itemListElement\":[{\"@type\":\"ListItem\",\"position\":1,\"name\":\"Strona g\u0142\u00f3wna\",\"item\":\"https:\/\/pine.pl\/\"},{\"@type\":\"ListItem\",\"position\":2,\"name\":\"Kontakt\"}]},{\"@type\":\"WebSite\",\"@id\":\"https:\/\/pine.pl\/#website\",\"url\":\"https:\/\/pine.pl\/\",\"name\":\"PINE.PL\",\"description\":\"\",\"publisher\":{\"@id\":\"https:\/\/pine.pl\/#organization\"},\"potentialAction\":[{\"@type\":\"SearchAction\",\"target\":{\"@type\":\"EntryPoint\",\"urlTemplate\":\"https:\/\/pine.pl\/?s={search_term_string}\"},\"query-input\":{\"@type\":\"PropertyValueSpecification\",\"valueRequired\":true,\"valueName\":\"search_term_string\"}}],\"inLanguage\":\"pl-PL\"},{\"@type\":\"Organization\",\"@id\":\"https:\/\/pine.pl\/#organization\",\"name\":\"PINE.PL\",\"url\":\"https:\/\/pine.pl\/\",\"logo\":{\"@type\":\"ImageObject\",\"inLanguage\":\"pl-PL\",\"@id\":\"https:\/\/pine.pl\/#\/schema\/logo\/image\/\",\"url\":\"https:\/\/pine.pl\/wp-content\/uploads\/2024\/12\/pine_pl_logo.webp\",\"contentUrl\":\"https:\/\/pine.pl\/wp-content\/uploads\/2024\/12\/pine_pl_logo.webp\",\"width\":1024,\"height\":1024,\"caption\":\"PINE.PL\"},\"image\":{\"@id\":\"https:\/\/pine.pl\/#\/schema\/logo\/image\/\"}}]}<\/script>\n<!-- \/ Yoast SEO plugin. -->","yoast_head_json":{"title":"Kontakt - PINE.PL","robots":{"index":"index","follow":"follow","max-snippet":"max-snippet:-1","max-image-preview":"max-image-preview:large","max-video-preview":"max-video-preview:-1"},"canonical":"https:\/\/pine.pl\/?page_id=27","og_locale":"pl_PL","og_type":"article","og_title":"Kontakt - PINE.PL","og_description":"Aby wype\u0142ni\u0107 ten formularz, w\u0142\u0105cz obs\u0142ug\u0119 JavaScript w przegl\u0105darce.Aby wype\u0142ni\u0107 ten formularz, w\u0142\u0105cz obs\u0142ug\u0119 JavaScript w przegl\u0105darce. Imi\u0119 i nazwisko * Imi\u0119Nazwisko Adres e-mail *Komentarz lub wiadomo\u015b\u0107 Prze\u015blij","og_url":"https:\/\/pine.pl\/?page_id=27","og_site_name":"PINE.PL","article_modified_time":"2024-12-12T11:02:41+00:00","og_image":[{"url":"https:\/\/pine.pl\/wp-content\/plugins\/wpforms-lite\/assets\/images\/submit-spin.svg","type":"","width":"","height":""}],"twitter_card":"summary_large_image","twitter_misc":{"Szacowany czas czytania":"1 minuta"},"schema":{"@context":"https:\/\/schema.org","@graph":[{"@type":"WebPage","@id":"https:\/\/pine.pl\/?page_id=27","url":"https:\/\/pine.pl\/?page_id=27","name":"Kontakt - PINE.PL","isPartOf":{"@id":"https:\/\/pine.pl\/#website"},"primaryImageOfPage":{"@id":"https:\/\/pine.pl\/?page_id=27#primaryimage"},"image":{"@id":"https:\/\/pine.pl\/?page_id=27#primaryimage"},"thumbnailUrl":"https:\/\/pine.pl\/wp-content\/plugins\/wpforms-lite\/assets\/images\/submit-spin.svg","datePublished":"2024-12-09T17:55:54+00:00","dateModified":"2024-12-12T11:02:41+00:00","breadcrumb":{"@id":"https:\/\/pine.pl\/?page_id=27#breadcrumb"},"inLanguage":"pl-PL","potentialAction":[{"@type":"ReadAction","target":["https:\/\/pine.pl\/?page_id=27"]}]},{"@type":"ImageObject","inLanguage":"pl-PL","@id":"https:\/\/pine.pl\/?page_id=27#primaryimage","url":"https:\/\/pine.pl\/wp-content\/plugins\/wpforms-lite\/assets\/images\/submit-spin.svg","contentUrl":"https:\/\/pine.pl\/wp-content\/plugins\/wpforms-lite\/assets\/images\/submit-spin.svg"},{"@type":"BreadcrumbList","@id":"https:\/\/pine.pl\/?page_id=27#breadcrumb","itemListElement":[{"@type":"ListItem","position":1,"name":"Strona g\u0142\u00f3wna","item":"https:\/\/pine.pl\/"},{"@type":"ListItem","position":2,"name":"Kontakt"}]},{"@type":"WebSite","@id":"https:\/\/pine.pl\/#website","url":"https:\/\/pine.pl\/","name":"PINE.PL","description":"","publisher":{"@id":"https:\/\/pine.pl\/#organization"},"potentialAction":[{"@type":"SearchAction","target":{"@type":"EntryPoint","urlTemplate":"https:\/\/pine.pl\/?s={search_term_string}"},"query-input":{"@type":"PropertyValueSpecification","valueRequired":true,"valueName":"search_term_string"}}],"inLanguage":"pl-PL"},{"@type":"Organization","@id":"https:\/\/pine.pl\/#organization","name":"PINE.PL","url":"https:\/\/pine.pl\/","logo":{"@type":"ImageObject","inLanguage":"pl-PL","@id":"https:\/\/pine.pl\/#\/schema\/logo\/image\/","url":"https:\/\/pine.pl\/wp-content\/uploads\/2024\/12\/pine_pl_logo.webp","contentUrl":"https:\/\/pine.pl\/wp-content\/uploads\/2024\/12\/pine_pl_logo.webp","width":1024,"height":1024,"caption":"PINE.PL"},"image":{"@id":"https:\/\/pine.pl\/#\/schema\/logo\/image\/"}}]}},"_links":{"self":[{"href":"https:\/\/pine.pl\/index.php?rest_route=\/wp\/v2\/pages\/27","targetHints":{"allow":["GET"]}}],"collection":[{"href":"https:\/\/pine.pl\/index.php?rest_route=\/wp\/v2\/pages"}],"about":[{"href":"https:\/\/pine.pl\/index.php?rest_route=\/wp\/v2\/types\/page"}],"author":[{"embeddable":true,"href":"https:\/\/pine.pl\/index.php?rest_route=\/wp\/v2\/users\/1"}],"replies":[{"embeddable":true,"href":"https:\/\/pine.pl\/index.php?rest_route=%2Fwp%2Fv2%2Fcomments&post=27"}],"version-history":[{"count":9,"href":"https:\/\/pine.pl\/index.php?rest_route=\/wp\/v2\/pages\/27\/revisions"}],"predecessor-version":[{"id":50,"href":"https:\/\/pine.pl\/index.php?rest_route=\/wp\/v2\/pages\/27\/revisions\/50"}],"wp:attachment":[{"href":"https:\/\/pine.pl\/index.php?rest_route=%2Fwp%2Fv2%2Fmedia&parent=27"}],"curies":[{"name":"wp","href":"https:\/\/api.w.org\/{rel}","templated":true}]}}